{"id":178,"date":"2015-03-10T10:12:45","date_gmt":"2015-03-10T09:12:45","guid":{"rendered":"http:\/\/www.geniosrl.com\/boosted-fuel-cell-bfc\/"},"modified":"2019-06-20T15:34:41","modified_gmt":"2019-06-20T13:34:41","slug":"boosted-fuel-cell-bfc","status":"publish","type":"page","link":"https:\/\/geniosrl.com\/fr\/boosted-fuel-cell-bfc\/","title":{"rendered":"Boosted Fuel Cell &#8211; BFC"},"content":{"rendered":"<div id=\"pl-178\"  class=\"panel-layout\" ><div id=\"pg-178-0\"  class=\"panel-grid panel-no-style\" ><div id=\"pgc-178-0-0\"  class=\"panel-grid-cell\" ><div id=\"panel-178-0-0-0\" class=\"so-panel widget widget_sow-editor panel-first-child panel-last-child\" data-index=\"0\" ><div\n\t\t\t\n\t\t\tclass=\"so-widget-sow-editor so-widget-sow-editor-base\"\n\t\t\t\n\t\t><h3 class=\"widget-title\">Cellules \u00e0 combustible<\/h3>\n<div class=\"siteorigin-widget-tinymce textwidget\">\n\t<p>Les Fuel Cells repr\u00e9sentent le d\u00e9fi du si\u00e8cle dans le cadre d\u2019un d\u00e9veloppement rationnel durable des sources d\u2019\u00e9nergie, en diminuant les consommations des sources fossiles et la pollution, et en r\u00e9pondant au mieux \u00e0 la demande croissante d\u2019\u00e9nergie.<\/p>\n<p>Au cours des 40 derni\u00e8res ann\u00e9es, les efforts conjugu\u00e9s des entreprises et des centres de recherche ont produit de nombreuses variantes (piles PEM, FAFC, MCFC, SOFC), mais sans atteindre les objectifs recherch\u00e9s en mati\u00e8re d\u2019efficience et de co\u00fbt qui s\u2019av\u00e9raient n\u00e9cessaires pour le d\u00e9veloppement commercial de la technologie Fuel Cell.<\/p>\n<p>Les conditions actuelles du march\u00e9 exigent un produit qui soit en mesure d\u2019atteindre un degr\u00e9 d\u2019efficience de la conversion de l\u2019\u00e9nergie chimique en \u00e9nergie \u00e9lectrique d\u00e9passant 60 %, avec des co\u00fbts techniques inf\u00e9rieurs \u00e0 1.000 \u20ac\/kW.<\/p>\n<\/div>\n<\/div><\/div><\/div><\/div><div id=\"pg-178-1\"  class=\"panel-grid panel-no-style\" ><div id=\"pgc-178-1-0\"  class=\"panel-grid-cell\" ><div id=\"panel-178-1-0-0\" class=\"so-panel widget widget_sow-image panel-first-child panel-last-child\" data-index=\"1\" ><div\n\t\t\t\n\t\t\tclass=\"so-widget-sow-image so-widget-sow-image-default-c67d20f9f743-178\"\n\t\t\t\n\t\t>\n<div class=\"sow-image-container\">\n\t\t<img \n\tsrc=\"https:\/\/geniosrl.com\/wp-content\/uploads\/2019\/05\/bfc1-300x300.png\" width=\"300\" height=\"300\" srcset=\"https:\/\/geniosrl.com\/wp-content\/uploads\/2019\/05\/bfc1-300x300.png 300w, https:\/\/geniosrl.com\/wp-content\/uploads\/2019\/05\/bfc1-150x150.png 150w, https:\/\/geniosrl.com\/wp-content\/uploads\/2019\/05\/bfc1-768x768.png 768w, https:\/\/geniosrl.com\/wp-content\/uploads\/2019\/05\/bfc1.png 820w\" sizes=\"(max-width: 300px) 100vw, 300px\" title=\"BFC\" alt=\"\" \t\tclass=\"so-widget-image\"\/>\n\t<\/div>\n\n<\/div><\/div><\/div><div id=\"pgc-178-1-1\"  class=\"panel-grid-cell\" ><div id=\"panel-178-1-1-0\" class=\"so-panel widget widget_sow-editor panel-first-child panel-last-child\" data-index=\"2\" ><div\n\t\t\t\n\t\t\tclass=\"so-widget-sow-editor so-widget-sow-editor-base\"\n\t\t\t\n\t\t><h3 class=\"widget-title\">La solution propos\u00e9e par Genio Srl\u00a0: Boosted Fuel Cell<\/h3>\n<div class=\"siteorigin-widget-tinymce textwidget\">\n\t<p>La technologie <b>BFC<\/b> a \u00e9t\u00e9 cr\u00e9\u00e9e pour surmonter les limites d'utilisation commerciale des piles \u00e0 hydrog\u00e8ne PEM, en termes de rendement \u00e9nerg\u00e9tique comme de co\u00fbts. Avant la BFC, aucune pile n'\u00e9tait en effet en mesure de <b>transformer l'\u00e9nergie chimique en \u00e9nergie \u00e9lectrique <\/b>avec un rendement sup\u00e9rieur \u00e0 40%. Cette limite technique, associ\u00e9e au co\u00fbt de production \u00e9lev\u00e9 des piles, rendait la plupart de leurs applications trop on\u00e9reuses pour \u00eatre v\u00e9ritablement int\u00e9ressantes.<\/p>\n<p>Genio srl a r\u00e9solu le probl\u00e8me en d\u00e9veloppant une nouvelle technologie, la \u00ab\u00a0Pile \u00e0 combustible haut rendement\u00a0\u00bb (Boosted Fuel Cell - BFC), dont l'entreprise d\u00e9tient les droits de propri\u00e9t\u00e9 intellectuelle.<\/p>\n<p><b>BFC<\/b> est l'\u00e9volution de la pile \u00e0 \u00e9lectrolyte polym\u00e8re, \u00e9galement nomm\u00e9e PEMFC (pile \u00e0 combustible \u00e0 membrane \u00e9changeuse de protons), fortement optimis\u00e9e jusqu'\u00e0 atteindre un <b>rendement \u00e9lectrique de 92% au lieu des 40% actuels\u00a0!<\/b><\/p>\n<\/div>\n<\/div><\/div><\/div><\/div><div id=\"pg-178-2\"  class=\"panel-grid panel-no-style\" ><div id=\"pgc-178-2-0\"  class=\"panel-grid-cell\" ><div id=\"panel-178-2-0-0\" class=\"so-panel widget widget_sow-editor panel-first-child\" data-index=\"3\" ><div\n\t\t\t\n\t\t\tclass=\"so-widget-sow-editor so-widget-sow-editor-base\"\n\t\t\t\n\t\t>\n<div class=\"siteorigin-widget-tinymce textwidget\">\n\t<p>En r\u00e8gle g\u00e9n\u00e9rale, la technologie PEM permet l\u2019oxydor\u00e9duction contr\u00f4l\u00e9e de l'hydrog\u00e8ne et de l'oxyg\u00e8ne dans des compartiments s\u00e9par\u00e9s, en vue de la production d'\u00e9nergie \u00e9lectrique sous forme de courant continu.<\/p>\n<p>Mais c'est uniquement gr\u00e2ce aux importantes innovations m\u00e9thodologiques d\u00e9velopp\u00e9es par <b>BFC<\/b>, li\u00e9es aux modalit\u00e9s de gestion des gaz, que les piles PEM ont pu am\u00e9liorer consid\u00e9rablement leurs performances, tant en termes de rendement que de dur\u00e9e, et devenir un alli\u00e9 pr\u00e9cieux en vue de la <b>r\u00e9duction des co\u00fbts \u00e9nerg\u00e9tiques et des \u00e9missions de CO2 dans l'atmosph\u00e8re<\/b>.<\/p>\n<\/div>\n<\/div><\/div><div id=\"panel-178-2-0-1\" class=\"so-panel widget widget_sow-editor panel-last-child\" data-index=\"4\" ><div\n\t\t\t\n\t\t\tclass=\"so-widget-sow-editor so-widget-sow-editor-base\"\n\t\t\t\n\t\t>\n<div class=\"siteorigin-widget-tinymce textwidget\">\n\t<p><b>La BFC est <\/b><b>aliment\u00e9e <\/b><b>avec l'hydrog\u00e8ne provenant du processus de reformage du gaz m\u00e9thane<\/b>. Le reformeur utilis\u00e9 \u00e0 ces fins est dimensionn\u00e9 en fonction des besoins de processus (g\u00e9n\u00e9ralement compris entre 1,2 et 12 Nm3 de H2 \/heure) et peut \u00eatre aliment\u00e9 avec du gaz m\u00e9thane ainsi qu\u2019avec d'autres combustibles tels que <b>biogaz, GPL, propane, m\u00e9thanol, DME (<\/b><b>dim\u00e9thyl\u00e9ther<\/b><b>)<\/b>.<\/p>\n<p>Le processus de reformage pr\u00e9voit deux phases en s\u00e9quence, r\u00e9unies dans le m\u00eame appareil.<\/p>\n<ol>\n<li>1.La premi\u00e8re consiste dans le reformage du m\u00e9thane proprement dit et est bas\u00e9e sur la technologie de reformage \u00e0 la vapeur (Steam Reforming Technology - SR).<\/li>\n<li>2.La seconde pr\u00e9voit en revanche le processus de purification du monoxyde de carbone (CO Clean-up) et peut utiliser deux technologies alternatives, la conversion du gaz \u00e0 l'eau (WGS) ou la m\u00e9thanisation s\u00e9lective (SMET).<\/li>\n<\/ol>\n<p>La purification du monoxyde de carbone permet de r\u00e9duire le monoxyde de carbone \u00e0 une valeur maximum de 10 ppmv.<br \/>\nSi n\u00e9cessaire, le processus de reformage peut \u00eatre pr\u00e9c\u00e9d\u00e9 de la d\u00e9sulfuration du m\u00e9thane, effectu\u00e9e par une unit\u00e9 sp\u00e9ciale.<\/p>\n<\/div>\n<\/div><\/div><\/div><div id=\"pgc-178-2-1\"  class=\"panel-grid-cell\" ><div id=\"panel-178-2-1-0\" class=\"so-panel widget widget_sow-image panel-first-child\" data-index=\"5\" ><div\n\t\t\t\n\t\t\tclass=\"so-widget-sow-image so-widget-sow-image-default-c67d20f9f743-178\"\n\t\t\t\n\t\t>\n<div class=\"sow-image-container\">\n\t\t<img \n\tsrc=\"https:\/\/geniosrl.com\/wp-content\/uploads\/2019\/05\/pem.png\" width=\"347\" height=\"274\" srcset=\"https:\/\/geniosrl.com\/wp-content\/uploads\/2019\/05\/pem.png 347w, https:\/\/geniosrl.com\/wp-content\/uploads\/2019\/05\/pem-300x237.png 300w\" sizes=\"(max-width: 347px) 100vw, 347px\" title=\"BFC\" alt=\"\" \t\tclass=\"so-widget-image\"\/>\n\t<\/div>\n\n<\/div><\/div><div id=\"panel-178-2-1-1\" class=\"so-panel widget widget_sow-image panel-last-child\" data-index=\"6\" ><div\n\t\t\t\n\t\t\tclass=\"so-widget-sow-image so-widget-sow-image-default-c67d20f9f743-178\"\n\t\t\t\n\t\t>\n<div class=\"sow-image-container\">\n\t\t<img \n\tsrc=\"https:\/\/geniosrl.com\/wp-content\/uploads\/2019\/05\/bfc2.jpg\" width=\"502\" height=\"336\" srcset=\"https:\/\/geniosrl.com\/wp-content\/uploads\/2019\/05\/bfc2.jpg 502w, https:\/\/geniosrl.com\/wp-content\/uploads\/2019\/05\/bfc2-300x201.jpg 300w, https:\/\/geniosrl.com\/wp-content\/uploads\/2019\/05\/bfc2-272x182.jpg 272w\" sizes=\"(max-width: 502px) 100vw, 502px\" title=\"BFC\" alt=\"\" \t\tclass=\"so-widget-image\"\/>\n\t<\/div>\n\n<\/div><\/div><\/div><\/div><div id=\"pg-178-3\"  class=\"panel-grid panel-no-style\" ><div id=\"pgc-178-3-0\"  class=\"panel-grid-cell\" ><div id=\"panel-178-3-0-0\" class=\"so-panel widget widget_sow-editor panel-first-child panel-last-child\" data-index=\"7\" ><div\n\t\t\t\n\t\t\tclass=\"so-widget-sow-editor so-widget-sow-editor-base\"\n\t\t\t\n\t\t>\n<div class=\"siteorigin-widget-tinymce textwidget\">\n\t<table cellspacing=\"0\" cellpadding=\"2\">\n<colgroup>\n<col width=\"135\" \/>\n<col width=\"362\" \/> <\/colgroup>\n<thead>\n<tr valign=\"top\">\n<th colspan=\"2\">\n<p style=\"text-align: left;\"><b>Module de traitement du combustible<\/b><\/p>\n<\/th>\n<\/tr>\n<\/thead>\n<tbody>\n<tr valign=\"top\">\n<th width=\"135\" height=\"18\">\n<p style=\"text-align: left;\"><b>Capacit\u00e9 en hydrog\u00e8ne<\/b><\/p>\n<\/th>\n<td width=\"362\">\n<p align=\"left\">12,0 Nm <sup> 3 <\/sup>\/h<\/p>\n<\/td>\n<\/tr>\n<tr valign=\"top\">\n<th width=\"135\" height=\"18\">\n<p style=\"text-align: left;\"><b>Espace total<\/b><\/p>\n<\/th>\n<td width=\"362\">\n<p align=\"left\">580 x 450 x 1,200 mm (L x I x H)<\/p>\n<\/td>\n<\/tr>\n<tr valign=\"top\">\n<th width=\"135\" height=\"18\">\n<p style=\"text-align: left;\"><b>Poids<\/b><\/p>\n<\/th>\n<td width=\"362\">\n<p align=\"left\">140 Kg<\/p>\n<\/td>\n<\/tr>\n<tr valign=\"top\">\n<th width=\"135\" height=\"18\">\n<p style=\"text-align: left;\" align=\"left\"><b>Combustible<\/b><\/p>\n<\/th>\n<td width=\"362\">\n<p align=\"left\">Gaz naturel (20 mbar)<\/p>\n<\/td>\n<\/tr>\n<tr valign=\"top\">\n<th width=\"135\" height=\"40\">\n<p style=\"text-align: left;\"><b>Demande d'\u00e9nergie \u00e9lectrique<\/b><\/p>\n<\/th>\n<td width=\"362\">\n<p align=\"left\">&lt; 140 W<\/p>\n<\/td>\n<\/tr>\n<tr valign=\"top\">\n<th colspan=\"2\" width=\"135\" height=\"18\">\n<p style=\"text-align: left;\" align=\"left\"><b>Reformeur<\/b><\/p>\n<\/th>\n<\/tr>\n<tr valign=\"top\">\n<th width=\"135\" height=\"18\">\n<p align=\"left\"><b>Dimension<\/b><\/p>\n<\/th>\n<td width=\"362\">\n<p align=\"left\">1,100 x 450 mm (h x p)<\/p>\n<\/td>\n<\/tr>\n<tr valign=\"top\">\n<th width=\"135\" height=\"18\">\n<p align=\"left\"><b>Rendement<\/b><\/p>\n<\/th>\n<td width=\"362\">\n<p align=\"left\">82 %<\/p>\n<\/td>\n<\/tr>\n<tr valign=\"top\">\n<th width=\"135\" height=\"40\">\n<p style=\"text-align: left;\"><b>Composition du gaz reform\u00e9<\/b><\/p>\n<\/th>\n<td width=\"362\">\n<p align=\"left\">78% H2, &lt;10 ppm CO, &lt; 2% CH4 150 mbar, 200\u00b0C<\/p>\n<\/td>\n<\/tr>\n<tr valign=\"top\">\n<th width=\"135\" height=\"18\">\n<p style=\"text-align: left;\"><b>Plage de charge<\/b><\/p>\n<\/th>\n<td width=\"362\">\n<p align=\"left\">1:3<\/p>\n<\/td>\n<\/tr>\n<tr valign=\"top\">\n<th width=\"135\" height=\"18\">\n<p style=\"text-align: left;\"><b>Suivi de charge<\/b><\/p>\n<\/th>\n<td width=\"362\">\n<p align=\"left\">30 - 100% en 120 sec<\/p>\n<\/td>\n<\/tr>\n<tr valign=\"top\">\n<th width=\"135\" height=\"18\">\n<p style=\"text-align: left;\"><b>Cycle de vie<\/b><\/p>\n<\/th>\n<td width=\"362\">&gt; 15\u00a0000 h (con\u00e7u pour 80\u00a0000 h)<\/td>\n<\/tr>\n<tr valign=\"top\">\n<th colspan=\"2\" width=\"135\" height=\"18\">\n<p align=\"left\">Balance-of-plant (bop)<\/p>\n<\/th>\n<\/tr>\n<tr valign=\"top\">\n<th width=\"135\" height=\"18\">\n<p align=\"left\"><b>D\u00e9sulfuration<\/b><\/p>\n<\/th>\n<td width=\"362\">D\u00e9lai d'\u00e9change env. 5\u00a0000 h<\/td>\n<\/tr>\n<tr valign=\"top\">\n<th width=\"135\" height=\"18\">\n<p style=\"text-align: left;\"><b>Alimentation en eau<\/b><\/p>\n<\/th>\n<td width=\"362\">Pompe \u00e0 eau 24 VCC\/0-10 V<\/td>\n<\/tr>\n<tr valign=\"top\">\n<th width=\"135\" height=\"40\">\n<p style=\"text-align: left;\"><b>Alimentation d'air br\u00fbleur<\/b><\/p>\n<\/th>\n<td width=\"362\">Insufflation d'air, 24 VCC \/ 0-10 V - \u00c9lectrovanne, 1 x 24 VCC, &lt; 10 Watt - Interface\u00a0: commande br\u00fbleur\/syst\u00e8me<\/td>\n<\/tr>\n<tr valign=\"top\">\n<th style=\"text-align: left;\" width=\"135\" height=\"18\"><b>Alimentation en combustible<\/b><\/th>\n<td width=\"362\">\n<p style=\"text-align: left;\">3 \u00e9lectrovannes 24 VCC, &lt; 10 Watt<\/p>\n<\/td>\n<\/tr>\n<\/tbody>\n<\/table>\n<\/div>\n<\/div><\/div><\/div><\/div><div id=\"pg-178-4\"  class=\"panel-grid panel-no-style\" ><div id=\"pgc-178-4-0\"  class=\"panel-grid-cell\" ><div id=\"panel-178-4-0-0\" class=\"so-panel widget widget_sow-editor panel-first-child panel-last-child\" data-index=\"8\" ><div\n\t\t\t\n\t\t\tclass=\"so-widget-sow-editor so-widget-sow-editor-base\"\n\t\t\t\n\t\t>\n<div class=\"siteorigin-widget-tinymce textwidget\">\n\t<p>La technologie utilis\u00e9e pour le <span lang=\"fr-FR\">\u00ab<\/span>reformage \u00e0 la vapeur\u00bb se caract\u00e9rise par une oxydation sans flamme permettant d'utiliser une structure extr\u00eamement compacte \u00e0 haute densit\u00e9 de combustion et haute vitesse de transport thermique. Elle se traduit par de tr\u00e8s faibles \u00e9missions de NOx et par un fonctionnement stable, m\u00eame avec utilisation de gaz \u00e0 faible capacit\u00e9 calorifique.<br \/>\nLe reformeur est \u00e9quip\u00e9 d'un \u00e9changeur de chaleur assurant la r\u00e9cup\u00e9ration de l'\u00e9nergie thermique d\u00e9rivant de la combustion. Cette derni\u00e8re est en effet r\u00e9utilis\u00e9e pour r\u00e9chauffer le m\u00e9thane en entr\u00e9e et refroidir simultan\u00e9ment les gaz de synth\u00e8se en sortie.<\/p>\n<\/div>\n<\/div><\/div><\/div><div id=\"pgc-178-4-1\"  class=\"panel-grid-cell\" ><div id=\"panel-178-4-1-0\" class=\"so-panel widget widget_sow-image panel-first-child panel-last-child\" data-index=\"9\" ><div\n\t\t\t\n\t\t\tclass=\"so-widget-sow-image so-widget-sow-image-default-c67d20f9f743-178\"\n\t\t\t\n\t\t>\n<div class=\"sow-image-container\">\n\t\t<img \n\tsrc=\"https:\/\/geniosrl.com\/wp-content\/uploads\/2019\/05\/reformer-for-pem-208x300.jpg\" width=\"208\" height=\"300\" srcset=\"https:\/\/geniosrl.com\/wp-content\/uploads\/2019\/05\/reformer-for-pem-208x300.jpg 208w, https:\/\/geniosrl.com\/wp-content\/uploads\/2019\/05\/reformer-for-pem.jpg 498w\" sizes=\"(max-width: 208px) 100vw, 208px\" title=\"BFC\" alt=\"\" \t\tclass=\"so-widget-image\"\/>\n\t<\/div>\n\n<\/div><\/div><\/div><\/div><\/div>","protected":false},"excerpt":{"rendered":"<p>Les Fuel Cells repr\u00e9sentent le d\u00e9fi du si\u00e8cle dans le cadre d\u2019un d\u00e9veloppement rationnel durable des sources d\u2019\u00e9nergie, en diminuant les consommations des sources fossiles et la pollution, et en r\u00e9pondant au mieux \u00e0 la demande croissante d\u2019\u00e9nergie. Au cours des 40 derni\u00e8res ann\u00e9es, les efforts conjugu\u00e9s des entreprises et des centres de recherche ont [&hellip;]<\/p>\n","protected":false},"author":1,"featured_media":0,"parent":0,"menu_order":0,"comment_status":"closed","ping_status":"open","template":"templates\/template-full-notitle.php","meta":{"footnotes":""},"class_list":["post-178","page","type-page","status-publish","hentry","post"],"_links":{"self":[{"href":"https:\/\/geniosrl.com\/fr\/wp-json\/wp\/v2\/pages\/178","targetHints":{"allow":["GET"]}}],"collection":[{"href":"https:\/\/geniosrl.com\/fr\/wp-json\/wp\/v2\/pages"}],"about":[{"href":"https:\/\/geniosrl.com\/fr\/wp-json\/wp\/v2\/types\/page"}],"author":[{"embeddable":true,"href":"https:\/\/geniosrl.com\/fr\/wp-json\/wp\/v2\/users\/1"}],"replies":[{"embeddable":true,"href":"https:\/\/geniosrl.com\/fr\/wp-json\/wp\/v2\/comments?post=178"}],"version-history":[{"count":15,"href":"https:\/\/geniosrl.com\/fr\/wp-json\/wp\/v2\/pages\/178\/revisions"}],"predecessor-version":[{"id":341,"href":"https:\/\/geniosrl.com\/fr\/wp-json\/wp\/v2\/pages\/178\/revisions\/341"}],"wp:attachment":[{"href":"https:\/\/geniosrl.com\/fr\/wp-json\/wp\/v2\/media?parent=178"}],"curies":[{"name":"wp","href":"https:\/\/api.w.org\/{rel}","templated":true}]}}