{"id":193,"date":"2019-05-03T12:44:02","date_gmt":"2019-05-03T10:44:02","guid":{"rendered":"http:\/\/www.geniosrl.com\/spontaneous-membrane-ionic-transfer-smit\/"},"modified":"2019-06-20T15:08:52","modified_gmt":"2019-06-20T13:08:52","slug":"spontaneous-membrane-ionic-transfer-smit","status":"publish","type":"page","link":"https:\/\/geniosrl.com\/fr\/spontaneous-membrane-ionic-transfer-smit\/","title":{"rendered":"Spontaneous Membrane Ionic Transfer &#8211; SMIT"},"content":{"rendered":"<div id=\"pl-193\"  class=\"panel-layout\" ><div id=\"pg-193-0\"  class=\"panel-grid panel-no-style\" ><div id=\"pgc-193-0-0\"  class=\"panel-grid-cell\" ><div id=\"panel-193-0-0-0\" class=\"so-panel widget widget_sow-editor panel-first-child\" data-index=\"0\" ><div\n\t\t\t\n\t\t\tclass=\"so-widget-sow-editor so-widget-sow-editor-base\"\n\t\t\t\n\t\t>\n<div class=\"siteorigin-widget-tinymce textwidget\">\n\t<p>La technologie <b>SMIT<\/b>, d\u00e9velopp\u00e9e par Genio srl et prot\u00e9g\u00e9e par brevet, a \u00e9t\u00e9 cr\u00e9\u00e9e pour r\u00e9soudre efficacement et \u00e0 faible co\u00fbt, le grave probl\u00e8me de manque d'eau potable, gr\u00e2ce \u00e0 la <b>d\u00e9salinisation de l'eau de <\/b><b>mer<\/b>, le tout dans le respect de l'environnement.<br \/>\nSMIT est la seule technologie prot\u00e9g\u00e9e par brevet international et confirm\u00e9e qui soit en mesure <b>de produire durant le processus de d\u00e9salinisation\u00a0:<\/b><\/p>\n<\/div>\n<\/div><\/div><div id=\"panel-193-0-0-1\" class=\"so-panel widget widget_sow-features panel-last-child\" data-index=\"1\" ><div\n\t\t\t\n\t\t\tclass=\"so-widget-sow-features so-widget-sow-features-default-d93b46bf6171-193\"\n\t\t\t\n\t\t><ul\n\tclass=\"sow-features-list\n\tsow-features-responsive\">\n\n\t\t\t<li\n\t\t\tclass=\"sow-features-feature sow-icon-container-position-top\"\n\t\t\tstyle=\"display: flex; flex-direction: column; width: calc(25% - 25px);\"\n\t\t>\n\t\t\t\n\t\t\t\t\t\t<div\t\t\t\tclass=\"sow-icon-container sow-container-round\"\n\t\t\t\tstyle=\"color: #23bcdb; \"\n\t\t\t\t\n\t\t\t\t\t\t\t>\n\t\t\t\t<span class=\"sow-icon-fontawesome sow-fas\" data-sow-icon=\"&#xf043;\"\n\t\tstyle=\"font-size: 24px; color: #FFFFFF\" \n\t\taria-hidden=\"true\"><\/span>\t\t\t<\/div>\n\n\t\t\t<div class=\"textwidget\">\n\t\t\t\t\n\t\t\t\t\t\t\t\t\t<h5 class=\"sow-features-feature-title\">\n\t\t\t\t\t\tDe l'eau douce \u00e0 usage humain, agricole et industriel\t\t\t\t\t<\/h5>\n\t\t\t\t\n\t\t\t\t\t\t\t<\/div>\n\t\t\t\t\t\t\t\t<\/li>\n\n\t\t\t<li\n\t\t\tclass=\"sow-features-feature sow-icon-container-position-top\"\n\t\t\tstyle=\"display: flex; flex-direction: column; width: calc(25% - 25px);\"\n\t\t>\n\t\t\t\n\t\t\t\t\t\t<div\t\t\t\tclass=\"sow-icon-container sow-container-round\"\n\t\t\t\tstyle=\"color: #fcc23a; \"\n\t\t\t\t\n\t\t\t\t\t\t\t>\n\t\t\t\t<span class=\"sow-icon-fontawesome sow-fas\" data-sow-icon=\"&#xf0e7;\"\n\t\tstyle=\"font-size: 24px; color: #FFFFFF\" \n\t\taria-hidden=\"true\"><\/span>\t\t\t<\/div>\n\n\t\t\t<div class=\"textwidget\">\n\t\t\t\t\n\t\t\t\t\t\t\t\t\t<h5 class=\"sow-features-feature-title\">\n\t\t\t\t\t\tDe l'\u00e9nergie \u00e9lectrique en surplus sur la consommation\t\t\t\t\t<\/h5>\n\t\t\t\t\n\t\t\t\t\t\t\t<\/div>\n\t\t\t\t\t\t\t\t<\/li>\n\n\t\t\t<li\n\t\t\tclass=\"sow-features-feature sow-icon-container-position-top\"\n\t\t\tstyle=\"display: flex; flex-direction: column; width: calc(25% - 25px);\"\n\t\t>\n\t\t\t\n\t\t\t\t\t\t<div\t\t\t\tclass=\"sow-icon-container sow-container-round\"\n\t\t\t\tstyle=\"color: #dd3333; \"\n\t\t\t\t\n\t\t\t\t\t\t\t>\n\t\t\t\t<span class=\"sow-icon-fontawesome sow-fas\" data-sow-icon=\"&#xf0c3;\"\n\t\tstyle=\"font-size: 24px; color: #FFFFFF\" \n\t\taria-hidden=\"true\"><\/span>\t\t\t<\/div>\n\n\t\t\t<div class=\"textwidget\">\n\t\t\t\t\n\t\t\t\t\t\t\t\t\t<h5 class=\"sow-features-feature-title\">\n\t\t\t\t\t\tDes produits chimiques haute qualit\u00e9 tr\u00e8s demand\u00e9s sur le march\u00e9. NaOH (soude caustique) et HCl (acide chlorhydrique),\t\t\t\t\t<\/h5>\n\t\t\t\t\n\t\t\t\t\t\t\t\t\t<div class=\"sow-features-feature-text\">\n\t\t\t\t\t<p>NaOH (soude caustique) et HCl (acide chlorhydrique)<\/p>\n\t\t\t\t\t<\/div>\n\t\t\t\t\t\t\t\t<\/div>\n\t\t\t\t\t\t\t\t<\/li>\n\n\t\t\t<li\n\t\t\tclass=\"sow-features-feature sow-icon-container-position-top\"\n\t\t\tstyle=\"display: flex; flex-direction: column; width: calc(25% - 25px);\"\n\t\t>\n\t\t\t\n\t\t\t\t\t\t<div\t\t\t\tclass=\"sow-icon-container sow-container-round\"\n\t\t\t\tstyle=\"color: #81d742; \"\n\t\t\t\t\n\t\t\t\t\t\t\t>\n\t\t\t\t<span class=\"sow-icon-fontawesome sow-fas\" data-sow-icon=\"&#xf06c;\"\n\t\tstyle=\"font-size: 24px; color: #FFFFFF\" \n\t\taria-hidden=\"true\"><\/span>\t\t\t<\/div>\n\n\t\t\t<div class=\"textwidget\">\n\t\t\t\t\n\t\t\t\t\t\t\t\t\t<h5 class=\"sow-features-feature-title\">\n\t\t\t\t\t\tAucun rejet de saumure ni d\u00e9chet toxique pour l'environnement\t\t\t\t\t<\/h5>\n\t\t\t\t\n\t\t\t\t\t\t\t<\/div>\n\t\t\t\t\t\t\t\t<\/li>\n\n\t<\/ul>\n<\/div><\/div><\/div><\/div><div id=\"pg-193-1\"  class=\"panel-grid panel-no-style\" ><div id=\"pgc-193-1-0\"  class=\"panel-grid-cell\" ><div id=\"panel-193-1-0-0\" class=\"so-panel widget widget_sow-editor panel-first-child\" data-index=\"2\" ><div\n\t\t\t\n\t\t\tclass=\"so-widget-sow-editor so-widget-sow-editor-base\"\n\t\t\t\n\t\t>\n<div class=\"siteorigin-widget-tinymce textwidget\">\n\t<p>La technologie <b>SMIT<\/b> se base sur un <b>Syst\u00e8me de piles \u00e0 combustible<\/b> brevet\u00e9 et pouvant \u00eatre aliment\u00e9 par plusieurs combustibles reform\u00e9s \u00e0 l'hydrog\u00e8ne. SMIT <b>op\u00e8re en synergie avec les syst\u00e8mes \u00e0 osmose inverse (RO) et transforme leurs polluants saum\u00e2tres en produits commerciaux de qualit\u00e9<\/b>. Le tout <b>avec un r\u00e9sultat \u00e9nerg\u00e9tique globale fortement positif<\/b>.<\/p>\n<\/div>\n<\/div><\/div><div id=\"panel-193-1-0-1\" class=\"so-panel widget widget_sow-editor panel-last-child\" data-index=\"3\" ><div\n\t\t\t\n\t\t\tclass=\"so-widget-sow-editor so-widget-sow-editor-base\"\n\t\t\t\n\t\t>\n<div class=\"siteorigin-widget-tinymce textwidget\">\n\t<p><b>La technologie SMIT s'applique efficacement aussi bien aux nouvelles installations qu'aux syst\u00e8mes de d\u00e9salinisation \u00e0 osmose inverse existants, ce qui la rend particuli\u00e8rement rentable<\/b>.<br \/>\nLe sch\u00e9ma du prototype ci-dessus associe la technologie des piles \u00e0 combustible \u00e0 un support \u00e0 \u00e9change d'ions.<\/p>\n<\/div>\n<\/div><\/div><\/div><div id=\"pgc-193-1-1\"  class=\"panel-grid-cell\" ><div id=\"panel-193-1-1-0\" class=\"so-panel widget widget_sow-image panel-first-child panel-last-child\" data-index=\"4\" ><div\n\t\t\t\n\t\t\tclass=\"so-widget-sow-image so-widget-sow-image-default-6ec9e3772f75-193\"\n\t\t\t\n\t\t>\n<div class=\"sow-image-container\">\n\t\t<img \n\tsrc=\"https:\/\/geniosrl.com\/wp-content\/uploads\/2019\/05\/SMIT2-300x297.jpg\" width=\"300\" height=\"297\" srcset=\"https:\/\/geniosrl.com\/wp-content\/uploads\/2019\/05\/SMIT2-300x297.jpg 300w, https:\/\/geniosrl.com\/wp-content\/uploads\/2019\/05\/SMIT2-150x150.jpg 150w, https:\/\/geniosrl.com\/wp-content\/uploads\/2019\/05\/SMIT2.jpg 505w\" sizes=\"(max-width: 300px) 100vw, 300px\" alt=\"\" \t\tclass=\"so-widget-image\"\/>\n\t<\/div>\n\n<\/div><\/div><\/div><\/div><div id=\"pg-193-2\"  class=\"panel-grid panel-has-style\" ><div class=\"siteorigin-panels-stretch panel-row-style panel-row-style-for-193-2\" data-stretch-type=\"full\" ><div id=\"pgc-193-2-0\"  class=\"panel-grid-cell\" ><div id=\"panel-193-2-0-0\" class=\"so-panel widget widget_sow-image panel-first-child panel-last-child\" data-index=\"5\" ><div\n\t\t\t\n\t\t\tclass=\"so-widget-sow-image so-widget-sow-image-default-8b5b6f678277-193\"\n\t\t\t\n\t\t>\n<div class=\"sow-image-container\">\n\t\t\t<a href=\"http:\/\/geniosrl.com\/wp-content\/uploads\/2019\/05\/schema-smit.png\"\n\t\t\ttarget=\"_blank\" rel=\"noopener noreferrer\" \t\t>\n\t\t\t<img \n\tsrc=\"https:\/\/geniosrl.com\/wp-content\/uploads\/2019\/05\/schema-smit.png\" width=\"800\" height=\"450\" srcset=\"https:\/\/geniosrl.com\/wp-content\/uploads\/2019\/05\/schema-smit.png 800w, https:\/\/geniosrl.com\/wp-content\/uploads\/2019\/05\/schema-smit-300x169.png 300w, https:\/\/geniosrl.com\/wp-content\/uploads\/2019\/05\/schema-smit-768x432.png 768w\" sizes=\"(max-width: 800px) 100vw, 800px\" alt=\"\" \t\tclass=\"so-widget-image\"\/>\n\t\t\t<\/a><\/div>\n\n<\/div><\/div><\/div><div id=\"pgc-193-2-1\"  class=\"panel-grid-cell\" ><div id=\"panel-193-2-1-0\" class=\"so-panel widget widget_sow-image panel-first-child panel-last-child\" data-index=\"6\" ><div\n\t\t\t\n\t\t\tclass=\"so-widget-sow-image so-widget-sow-image-default-8b5b6f678277-193\"\n\t\t\t\n\t\t>\n<div class=\"sow-image-container\">\n\t\t\t<a href=\"http:\/\/geniosrl.com\/wp-content\/uploads\/2019\/05\/smit-prototype-scheme.png\"\n\t\t\ttarget=\"_blank\" rel=\"noopener noreferrer\" \t\t>\n\t\t\t<img \n\tsrc=\"https:\/\/geniosrl.com\/wp-content\/uploads\/2019\/05\/smit-prototype-scheme.png\" width=\"1473\" height=\"782\" srcset=\"https:\/\/geniosrl.com\/wp-content\/uploads\/2019\/05\/smit-prototype-scheme.png 1473w, https:\/\/geniosrl.com\/wp-content\/uploads\/2019\/05\/smit-prototype-scheme-300x159.png 300w, https:\/\/geniosrl.com\/wp-content\/uploads\/2019\/05\/smit-prototype-scheme-768x408.png 768w, https:\/\/geniosrl.com\/wp-content\/uploads\/2019\/05\/smit-prototype-scheme-1024x544.png 1024w\" sizes=\"(max-width: 1473px) 100vw, 1473px\" alt=\"\" \t\tclass=\"so-widget-image\"\/>\n\t\t\t<\/a><\/div>\n\n<\/div><\/div><\/div><\/div><\/div><div id=\"pg-193-3\"  class=\"panel-grid panel-no-style\" ><div id=\"pgc-193-3-0\"  class=\"panel-grid-cell\" ><div id=\"panel-193-3-0-0\" class=\"so-panel widget widget_sow-editor panel-first-child panel-last-child\" data-index=\"7\" ><div\n\t\t\t\n\t\t\tclass=\"so-widget-sow-editor so-widget-sow-editor-base\"\n\t\t\t\n\t\t><h3 class=\"widget-title\">Hydrogen Supply (Reformer for PEM)<\/h3>\n<div class=\"siteorigin-widget-tinymce textwidget\">\n\t<p><b>SMIT est <\/b><b>aliment\u00e9e <\/b><b>par l'hydrog\u00e8ne provenant du processus de reformage du gaz m\u00e9thane<\/b>. Le reformeur utilis\u00e9 \u00e0 ces fins est dimensionn\u00e9 en fonction des besoins de processus (g\u00e9n\u00e9ralement compris entre 1,2 et 12 Nm3 de H2 \/heure) et peut \u00eatre aliment\u00e9 avec du gaz m\u00e9thane ainsi qu\u2019avec d'autres combustibles tels que <b>biogaz, GPL, propane, m\u00e9thanol, DME (<\/b><b>dim\u00e9thyl\u00e9ther<\/b><b>).<\/b><\/p>\n<p>Le processus de reformage pr\u00e9voit deux phases en s\u00e9quence, r\u00e9unies dans le m\u00eame appareil.<\/p>\n<ol>\n<li>La premi\u00e8re consiste dans le reformage du m\u00e9thane proprement dit et est bas\u00e9e sur la technologie de reformage \u00e0 la vapeur (Steam Reforming Technology - SR).<\/li>\n<li>La seconde pr\u00e9voit en revanche le processus de purification du monoxyde de carbone (CO Clean-up) et peut utiliser deux technologies alternatives, la conversion du gaz \u00e0 l'eau (WGS) ou la m\u00e9thanisation s\u00e9lective (SMET).<\/li>\n<\/ol>\n<p>La purification du monoxyde de carbone permet de r\u00e9duire le monoxyde de carbone \u00e0 une valeur maximum de 10 ppmv.<br \/>\nSi n\u00e9cessaire, le processus de reformage peut \u00eatre pr\u00e9c\u00e9d\u00e9 de la d\u00e9sulfuration du m\u00e9thane, effectu\u00e9e par une unit\u00e9 sp\u00e9ciale.<\/p>\n<\/div>\n<\/div><\/div><\/div><div id=\"pgc-193-3-1\"  class=\"panel-grid-cell\" ><div id=\"panel-193-3-1-0\" class=\"so-panel widget widget_sow-image panel-first-child panel-last-child\" data-index=\"8\" ><div\n\t\t\t\n\t\t\tclass=\"so-widget-sow-image so-widget-sow-image-default-c4f6304fc136-193\"\n\t\t\t\n\t\t>\n<div class=\"sow-image-container\">\n\t\t\t<a href=\"http:\/\/geniosrl.com\/wp-content\/uploads\/2019\/05\/smit-prototype-scheme.png\"\n\t\t\t\t\t>\n\t\t\t<img \n\tsrc=\"https:\/\/geniosrl.com\/wp-content\/uploads\/2019\/05\/reformer-for-pem.jpg\" width=\"498\" height=\"718\" srcset=\"https:\/\/geniosrl.com\/wp-content\/uploads\/2019\/05\/reformer-for-pem.jpg 498w, https:\/\/geniosrl.com\/wp-content\/uploads\/2019\/05\/reformer-for-pem-208x300.jpg 208w\" sizes=\"(max-width: 498px) 100vw, 498px\" alt=\"\" \t\tclass=\"so-widget-image\"\/>\n\t\t\t<\/a><\/div>\n\n<\/div><\/div><\/div><\/div><div id=\"pg-193-4\"  class=\"panel-grid panel-has-style\" ><div class=\"siteorigin-panels-stretch panel-row-style panel-row-style-for-193-4\" data-stretch-type=\"full-stretched\" ><div id=\"pgc-193-4-0\"  class=\"panel-grid-cell\" ><div id=\"panel-193-4-0-0\" class=\"so-panel widget widget_sow-hero panel-first-child panel-last-child\" data-index=\"9\" ><div\n\t\t\t\n\t\t\tclass=\"so-widget-sow-hero so-widget-sow-hero-default-09a9c2aa85c6-193 so-widget-fittext-wrapper\"\n\t\t\t data-fit-text-compressor=\"0.85\"\n\t\t>\t\t\t\t<div class=\"sow-slider-base\" style=\"display: none\" tabindex=\"0\">\n\t\t\t\t\t<ul\n\t\t\t\t\tclass=\"sow-slider-images\"\n\t\t\t\t\tdata-settings=\"{&quot;pagination&quot;:true,&quot;speed&quot;:800,&quot;timeout&quot;:8000,&quot;paused&quot;:false,&quot;pause_on_hover&quot;:false,&quot;swipe&quot;:true,&quot;nav_always_show_desktop&quot;:&quot;&quot;,&quot;nav_always_show_mobile&quot;:&quot;&quot;,&quot;breakpoint&quot;:&quot;780px&quot;,&quot;unmute&quot;:false,&quot;anchor&quot;:null}\"\n\t\t\t\t\t\t\t\t\t\tdata-anchor-id=\"\"\n\t\t\t\t>\t\t<li class=\"sow-slider-image  sow-slider-image-cover\" style=\"visibility: visible;;background-color: #333333\" >\n\t\t\t\t\t<div class=\"sow-slider-image-container\">\n\t\t\t<div class=\"sow-slider-image-wrapper\">\n\t\t\t\t<h1 style=\"text-align: center\"><b>SMIT est la seule technologie de d\u00e9salinisation en mesure d'associer la production d'eau douce \u00e0 un retour \u00e9conomique important et \u00e0 la protection de l'environnement<\/b><\/h1>\n\t\t\t<\/div>\n\t\t<\/div>\n\t\t<div class=\"sow-slider-image-overlay sow-slider-image-cover\" style=\"opacity: 0.66;background-image: url(https:\/\/geniosrl.com\/wp-content\/uploads\/2019\/05\/smit.jpg)\"  ><\/div>\t\t<\/li>\n\t\t<\/ul>\t\t\t\t<ol class=\"sow-slider-pagination\">\n\t\t\t\t\t\t\t\t\t\t\t<li><a href=\"#\" data-goto=\"0\" aria-label=\"Display slide 1\"><\/a><\/li>\n\t\t\t\t\t\t\t\t\t<\/ol>\n\n\t\t\t\t<div class=\"sow-slide-nav sow-slide-nav-next\">\n\t\t\t\t\t<a href=\"#\" data-goto=\"next\" aria-label=\"Next slide\" data-action=\"next\">\n\t\t\t\t\t\t<em class=\"sow-sld-icon-thin-right\"><\/em>\n\t\t\t\t\t<\/a>\n\t\t\t\t<\/div>\n\n\t\t\t\t<div class=\"sow-slide-nav sow-slide-nav-prev\">\n\t\t\t\t\t<a href=\"#\" data-goto=\"previous\" aria-label=\"Previous slide\" data-action=\"prev\">\n\t\t\t\t\t\t<em class=\"sow-sld-icon-thin-left\"><\/em>\n\t\t\t\t\t<\/a>\n\t\t\t\t<\/div>\n\t\t\t\t<\/div><\/div><\/div><\/div><\/div><\/div><div id=\"pg-193-5\"  class=\"panel-grid panel-no-style\" ><div id=\"pgc-193-5-0\"  class=\"panel-grid-cell\" ><div id=\"panel-193-5-0-0\" class=\"so-panel widget widget_sow-editor panel-first-child panel-last-child\" data-index=\"10\" ><div\n\t\t\t\n\t\t\tclass=\"so-widget-sow-editor so-widget-sow-editor-base\"\n\t\t\t\n\t\t><h3 class=\"widget-title\">PERFORMANCE MOYENNE DU PROCESSUS \u2013 OSMOSE INVERSE INCLUSE<\/h3>\n<div class=\"siteorigin-widget-tinymce textwidget\">\n\t<table cellspacing=\"0\" cellpadding=\"2\">\n<tbody>\n<tr valign=\"top\">\n<th width=\"50%\">\n<p style=\"text-align: left;\">CH4 consomm\u00e9 par m <sup> 3 <\/sup>\u00a0d'eau de mer<\/p>\n<\/th>\n<td style=\"text-align: left;\">\n<p align=\"left\">3.7\u00a0m <sup> 3 <\/sup><\/p>\n<\/td>\n<\/tr>\n<tr valign=\"top\">\n<th>\n<p style=\"text-align: left;\">Eau douce produite par m <sup> 3 <\/sup> d'eau de mer<\/p>\n<\/th>\n<td>\n<p align=\"left\">0.90 m <sup> 3 <\/sup><\/p>\n<\/td>\n<\/tr>\n<tr valign=\"top\">\n<th>\n<p style=\"text-align: left;\">kWh produits par m <sup> 3 <\/sup> d'eau de mer<\/p>\n<\/th>\n<td>\n<p align=\"left\">11.84 kWh\/m <sup> 3 <\/sup><\/p>\n<\/td>\n<\/tr>\n<tr valign=\"top\">\n<th>\n<p style=\"text-align: left;\">NaOH (soude caustique) produite par m <sup> 3 <\/sup> d'eau de mer<\/p>\n<\/th>\n<td>\n<p align=\"left\">11 Kg\/m <sup> 3 <\/sup><\/p>\n<\/td>\n<\/tr>\n<tr valign=\"top\">\n<th style=\"text-align: left;\">HCl (acide chlorhydrique) produit par m <sup> 3 <\/sup> d'eau de mer<\/th>\n<td>\n<p align=\"left\">19 Kg\/m <sup> 3 <\/sup><\/p>\n<\/td>\n<\/tr>\n<\/tbody>\n<\/table>\n<\/div>\n<\/div><\/div><\/div><\/div><\/div>","protected":false},"excerpt":{"rendered":"<p>La technologie SMIT, d\u00e9velopp\u00e9e par Genio srl et prot\u00e9g\u00e9e par brevet, a \u00e9t\u00e9 cr\u00e9\u00e9e pour r\u00e9soudre efficacement et \u00e0 faible co\u00fbt, le grave probl\u00e8me de manque d&rsquo;eau potable, gr\u00e2ce \u00e0 la d\u00e9salinisation de l&rsquo;eau de mer, le tout dans le respect de l&rsquo;environnement. SMIT est la seule technologie prot\u00e9g\u00e9e par brevet international et confirm\u00e9e qui [&hellip;]<\/p>\n","protected":false},"author":2,"featured_media":0,"parent":0,"menu_order":0,"comment_status":"closed","ping_status":"closed","template":"","meta":{"footnotes":""},"class_list":["post-193","page","type-page","status-publish","hentry","post"],"_links":{"self":[{"href":"https:\/\/geniosrl.com\/fr\/wp-json\/wp\/v2\/pages\/193","targetHints":{"allow":["GET"]}}],"collection":[{"href":"https:\/\/geniosrl.com\/fr\/wp-json\/wp\/v2\/pages"}],"about":[{"href":"https:\/\/geniosrl.com\/fr\/wp-json\/wp\/v2\/types\/page"}],"author":[{"embeddable":true,"href":"https:\/\/geniosrl.com\/fr\/wp-json\/wp\/v2\/users\/2"}],"replies":[{"embeddable":true,"href":"https:\/\/geniosrl.com\/fr\/wp-json\/wp\/v2\/comments?post=193"}],"version-history":[{"count":15,"href":"https:\/\/geniosrl.com\/fr\/wp-json\/wp\/v2\/pages\/193\/revisions"}],"predecessor-version":[{"id":334,"href":"https:\/\/geniosrl.com\/fr\/wp-json\/wp\/v2\/pages\/193\/revisions\/334"}],"wp:attachment":[{"href":"https:\/\/geniosrl.com\/fr\/wp-json\/wp\/v2\/media?parent=193"}],"curies":[{"name":"wp","href":"https:\/\/api.w.org\/{rel}","templated":true}]}}