{"id":302,"date":"2019-06-18T11:03:05","date_gmt":"2019-06-18T09:03:05","guid":{"rendered":"http:\/\/www.geniosrl.com\/?page_id=302"},"modified":"2019-06-18T11:03:55","modified_gmt":"2019-06-18T09:03:55","slug":"genio-srl","status":"publish","type":"page","link":"https:\/\/geniosrl.com\/fr\/genio-srl\/","title":{"rendered":"Genio srl"},"content":{"rendered":"<p>Genio srl, une entreprise exer\u00e7ant ses activit\u00e9s dans le secteur de l\u2019optimisation \u00e9nerg\u00e9tique et des ressources environnementales, a vu le jour au mois d\u2019ao\u00fbt 2014, \u00e0 la suite d\u2019un partenariat entre le centre de transfert technologique HTE, Alboconsulting Holding et Delta Service. Genio \u0153uvre sur la base de ses propres brevets, fruits d&amp;#39;une recherche scientifique incessante, parmi lesquels se distinguent\u00a0: la technique BFC (Boosted Fuel Cell), qui vise \u00e0 produire de l&amp;#39;\u00e9lectricit\u00e9 \u00e0 haut rendement \u00e9nerg\u00e9tique\u00a0; la technique SMIT (Spontaneous Membrane Ionic Transfer), destin\u00e9e au traitement de la saumure r\u00e9siduaire des usines de dessalement d&amp;#39;eau de mer, en vue d\u2019usages humains, agricoles et industriels et pr\u00e9sentant une efficience \u00e9lev\u00e9e, un impact environnemental faible et une tr\u00e8s bonne rentabilit\u00e9.<\/p>\n<hr \/>\n<p><strong>Date de constitution<\/strong>\u00a0:\u00a0le 28\/08\/2014<br \/>\n<strong>Si\u00e8ge l\u00e9gal\u00a0<\/strong>:\u00a0MILAN (MI) VICOLO SAN GIOVANNI SUL MURO 9 CAP 20121<br \/>\n<strong>Objet social<\/strong>\u00a0: entreprise a pour objet le d\u00e9veloppement, l&amp;#39;industrialisation et la commercialisation de la technique que l\u2019on qualifie de Boosted fuel cell (Pile \u00e0 combustible haut rendement), c&amp;#39;est-\u00e0-dire un syst\u00e8me de gestion des gaz d\u2019alimentation des cellules \u00e0 combustible \u00e0 \u00e9lectrolyte polym\u00e8re, en mesure d&amp;#39;optimiser leurs performances \u00e9lectriques, ainsi que toute autre activit\u00e9 li\u00e9e au d\u00e9veloppement, \u00e0 l&amp;#39;industrialisation et \u00e0 la commercialisation de techniques et produits li\u00e9s \u00e0 l&amp;#39;optimisation de l&amp;#39;utilisation des sources \u00e9nerg\u00e9tiques.<\/p>\n<p>Associ\u00e9s\u00a0:<br \/>\nALBO CONSULTING HOLDING\u00a0S.R.L.<br \/>\nBRESCIA (BS) VIA INDIPENDENZA 40\/B CAP 25135<br \/>\nHydro Technical Engineering S.R.L.<br \/>\nMILAN (MI) VICOLO SAN GIOVANNI SUL MURO 9 CAP 20121<br \/>\nDELTA SERVICE 21 S.R.L.<br \/>\nMARANO VICENTINO (VI) VIA MONTE PASUBIO 5 CAP 36035<\/p>\n<p>Exp\u00e9rience professionnelle du personnel\u00a0:<br \/>\nStefano Cavalli<br \/>\nDocteur en physique, Directeur g\u00e9n\u00e9ral de HTE S.r.l.<br \/>\nIng\u00e9nieur Marco Trevisan<br \/>\nIng\u00e9nieur civil hydraulique, Pr\u00e9sident de HTE S.r.l.<\/p>\n<p>BREVETS<br \/>\nBFC\u00a0: METHOD OF CONTROLLING AND MAXIMIZING THE ELECTRIC EFFICIENCY AND THE POWER<br \/>\nOUTPUT OF A FUEL CELL (M\u00c9THODE DE CONTR\u00d4LE ET D\u2019OPTIMISATION DE EFFICACIT\u00c9<br \/>\n\u00c9LECTRIQUE ET DE LA PUISSANCE DE SORTIE D&amp;#39;UNE PILE \u00c0 COMBUSTIBLE)<br \/>\nSMIT\u00a0: DESALINATION DEVICE AND PROCESS USING GAS DIFFUSION ELECTRODES (DISPOSITIF<br \/>\nDE DESSALEMENT ET PROC\u00c9D\u00c9 UTILISANT DES \u00c9LECTRODES \u00c0 DIFFUSION GAZEUSE)<\/p>\n","protected":false},"excerpt":{"rendered":"<p>Genio srl, une entreprise exer\u00e7ant ses activit\u00e9s dans le secteur de l\u2019optimisation \u00e9nerg\u00e9tique et des ressources environnementales, a vu le jour au mois d\u2019ao\u00fbt 2014, \u00e0 la suite d\u2019un partenariat entre le centre de transfert technologique HTE, Alboconsulting Holding et Delta Service. Genio \u0153uvre sur la base de ses propres brevets, fruits d&amp;#39;une recherche scientifique [&hellip;]<\/p>\n","protected":false},"author":2,"featured_media":0,"parent":0,"menu_order":0,"comment_status":"closed","ping_status":"closed","template":"","meta":{"footnotes":""},"class_list":["post-302","page","type-page","status-publish","hentry","post"],"_links":{"self":[{"href":"https:\/\/geniosrl.com\/fr\/wp-json\/wp\/v2\/pages\/302","targetHints":{"allow":["GET"]}}],"collection":[{"href":"https:\/\/geniosrl.com\/fr\/wp-json\/wp\/v2\/pages"}],"about":[{"href":"https:\/\/geniosrl.com\/fr\/wp-json\/wp\/v2\/types\/page"}],"author":[{"embeddable":true,"href":"https:\/\/geniosrl.com\/fr\/wp-json\/wp\/v2\/users\/2"}],"replies":[{"embeddable":true,"href":"https:\/\/geniosrl.com\/fr\/wp-json\/wp\/v2\/comments?post=302"}],"version-history":[{"count":3,"href":"https:\/\/geniosrl.com\/fr\/wp-json\/wp\/v2\/pages\/302\/revisions"}],"predecessor-version":[{"id":305,"href":"https:\/\/geniosrl.com\/fr\/wp-json\/wp\/v2\/pages\/302\/revisions\/305"}],"wp:attachment":[{"href":"https:\/\/geniosrl.com\/fr\/wp-json\/wp\/v2\/media?parent=302"}],"curies":[{"name":"wp","href":"https:\/\/api.w.org\/{rel}","templated":true}]}}